{"id":11116,"date":"2025-03-31T13:28:40","date_gmt":"2025-03-31T12:28:40","guid":{"rendered":"https:\/\/purity.al\/product\/balsam-me-keratine-kolagjen\/"},"modified":"2025-07-09T15:29:37","modified_gmt":"2025-07-09T14:29:37","slug":"balsam-me-keratine-kolagjen","status":"publish","type":"product","link":"https:\/\/purity.al\/en\/product\/balsam-me-keratine-kolagjen\/","title":{"rendered":"Conditioner with KERATIN &amp; COLLAGEN"},"content":{"rendered":"<p>Conditioner with KERATIN &amp; COLLAGEN<\/p>\n<p>Keratina p\u00ebr Rritjen e Flok\u00ebve<\/p>\n<p>\u2022\tForcon fibr\u00ebn e flokut<\/p>\n<p>\u2022\tMbron flok\u00ebt nga d\u00ebmtimet<\/p>\n<p>\u2022\tForcon fibr\u00ebn e flokut<\/p>\n<p>\u2022\tMbron flok\u00ebt nga d\u00ebmtimet<\/p>\n<p>Collagen<\/p>\n<p>\u2022\tNxit folikulat e flok\u00ebve me aminoacide si prolina q\u00eb ndihmojn\u00eb n\u00eb rritjen e flok\u00ebve<\/p>\n<p>\u2022\tForcon flok\u00ebt<\/p>\n<p>\u2022\tP\u00ebrmir\u00ebson sh\u00ebndetin e skalpit<\/p>\n<p>\u2022\tNdihmon n\u00eb ndalimin e r\u00ebnies s\u00eb flok\u00ebve<\/p>","protected":false},"excerpt":{"rendered":"<p>Perdorimi: Aplikohet n\u00eb flok\u00eb t\u00eb lagur, mbaheni 1 minut\u00eb dhe m\u00eb pas shp\u00eblajeni. N\u00eb rast kontakti me syt\u00eb, shp\u00eblajeni me shum\u00eb uj\u00eb.<\/p>","protected":false},"featured_media":11119,"comment_status":"open","ping_status":"closed","template":"","meta":[],"product_brand":[],"product_cat":[51],"product_tag":[],"class_list":{"0":"post-11116","1":"product","2":"type-product","3":"status-publish","4":"has-post-thumbnail","6":"product_cat-balsam","8":"first","9":"outofstock","10":"taxable","11":"shipping-taxable","12":"purchasable","13":"product-type-simple"},"_links":{"self":[{"href":"https:\/\/purity.al\/en\/wp-json\/wp\/v2\/product\/11116","targetHints":{"allow":["GET"]}}],"collection":[{"href":"https:\/\/purity.al\/en\/wp-json\/wp\/v2\/product"}],"about":[{"href":"https:\/\/purity.al\/en\/wp-json\/wp\/v2\/types\/product"}],"replies":[{"embeddable":true,"href":"https:\/\/purity.al\/en\/wp-json\/wp\/v2\/comments?post=11116"}],"wp:featuredmedia":[{"embeddable":true,"href":"https:\/\/purity.al\/en\/wp-json\/wp\/v2\/media\/11119"}],"wp:attachment":[{"href":"https:\/\/purity.al\/en\/wp-json\/wp\/v2\/media?parent=11116"}],"wp:term":[{"taxonomy":"product_brand","embeddable":true,"href":"https:\/\/purity.al\/en\/wp-json\/wp\/v2\/product_brand?post=11116"},{"taxonomy":"product_cat","embeddable":true,"href":"https:\/\/purity.al\/en\/wp-json\/wp\/v2\/product_cat?post=11116"},{"taxonomy":"product_tag","embeddable":true,"href":"https:\/\/purity.al\/en\/wp-json\/wp\/v2\/product_tag?post=11116"}],"curies":[{"name":"wp","href":"https:\/\/api.w.org\/{rel}","templated":true}]}}