{"id":11019,"date":"2025-02-19T18:00:33","date_gmt":"2025-02-19T17:00:33","guid":{"rendered":"https:\/\/purity.al\/product\/shampo-me-hudher-te-zeze-kunder-renies\/"},"modified":"2026-01-31T03:12:34","modified_gmt":"2026-01-31T02:12:34","slug":"shampo-me-hudher-te-zeze-kunder-renies","status":"publish","type":"product","link":"https:\/\/purity.al\/en\/product\/shampo-me-hudher-te-zeze-kunder-renies\/","title":{"rendered":"Black Garlic Shampoo against hair loss"},"content":{"rendered":"<p>Shampo kund\u00ebr r\u00ebnies s\u00eb flok\u00ebve me efekt rigjenerues. P\u00ebrb\u00ebr\u00ebsi kryesore \u00ebsht\u00eb hudhra e zez\u00eb. Esht\u00eb p\u00ebrb\u00ebr\u00ebsi ideal p\u00ebr t\u00eb dendesuar flok\u00ebt dhe p\u00ebr ti rigjeneruar ato. Fort\u00ebson rrenj\u00ebn dhe stimulon daljen e flok\u00ebve t\u00eb rinj duke i dhen\u00eb flokut nj\u00eb pamje m\u00eb t\u00eb plot\u00eb dhe t\u00eb sh\u00ebndetsh\u00ebm.Eliminon r\u00ebnien q\u00eb n\u00eb p\u00ebrdorimet e para.<\/p>","protected":false},"excerpt":{"rendered":"<p>Usage: Apply every day. Massage into the scalp for about 5 minutes and rinse.<\/p>","protected":false},"featured_media":11018,"comment_status":"open","ping_status":"closed","template":"","meta":[],"product_brand":[],"product_cat":[50],"product_tag":[89,92],"class_list":{"0":"post-11019","1":"product","2":"type-product","3":"status-publish","4":"has-post-thumbnail","6":"product_cat-shampo","7":"product_tag-kunder-renies","8":"product_tag-shampo","10":"first","11":"instock","12":"taxable","13":"shipping-taxable","14":"purchasable","15":"product-type-simple"},"_links":{"self":[{"href":"https:\/\/purity.al\/en\/wp-json\/wp\/v2\/product\/11019","targetHints":{"allow":["GET"]}}],"collection":[{"href":"https:\/\/purity.al\/en\/wp-json\/wp\/v2\/product"}],"about":[{"href":"https:\/\/purity.al\/en\/wp-json\/wp\/v2\/types\/product"}],"replies":[{"embeddable":true,"href":"https:\/\/purity.al\/en\/wp-json\/wp\/v2\/comments?post=11019"}],"wp:featuredmedia":[{"embeddable":true,"href":"https:\/\/purity.al\/en\/wp-json\/wp\/v2\/media\/11018"}],"wp:attachment":[{"href":"https:\/\/purity.al\/en\/wp-json\/wp\/v2\/media?parent=11019"}],"wp:term":[{"taxonomy":"product_brand","embeddable":true,"href":"https:\/\/purity.al\/en\/wp-json\/wp\/v2\/product_brand?post=11019"},{"taxonomy":"product_cat","embeddable":true,"href":"https:\/\/purity.al\/en\/wp-json\/wp\/v2\/product_cat?post=11019"},{"taxonomy":"product_tag","embeddable":true,"href":"https:\/\/purity.al\/en\/wp-json\/wp\/v2\/product_tag?post=11019"}],"curies":[{"name":"wp","href":"https:\/\/api.w.org\/{rel}","templated":true}]}}