{"id":8833,"date":"2023-10-25T18:30:43","date_gmt":"2023-10-25T16:30:43","guid":{"rendered":"https:\/\/purity.al\/?page_id=8833"},"modified":"2023-10-30T14:16:03","modified_gmt":"2023-10-30T12:16:03","slug":"terms-conditions","status":"publish","type":"page","link":"https:\/\/purity.al\/en\/terms-conditions\/","title":{"rendered":"Terms &amp; Conditions"},"content":{"rendered":"<div data-elementor-type=\"wp-page\" data-elementor-id=\"8833\" class=\"elementor elementor-8833\" data-elementor-post-type=\"page\">\n\t\t\t\t<div class=\"elementor-element elementor-element-6fccd1f e-flex e-con-boxed e-con e-parent\" data-id=\"6fccd1f\" data-element_type=\"container\" data-e-type=\"container\">\n\t\t\t\t\t<div class=\"e-con-inner\">\n\t\t\t\t<div class=\"elementor-element elementor-element-b1a41ee elementor-widget elementor-widget-text-editor\" data-id=\"b1a41ee\" data-element_type=\"widget\" data-e-type=\"widget\" data-widget_type=\"text-editor.default\">\n\t\t\t\t<div class=\"elementor-widget-container\">\n\t\t\t\t\t\t\t\t\t<p>These are the terms of use (referred to as the \u201cTerms\u201d) that define our relationship with you. The reason for their use is that they form the articles of the legal contract between you and <strong>Purity Cosmetics<\/strong>, so we suggest you read them carefully. By using our services, you agree and undertake to fully comply with your obligations under these Terms, otherwise we ask you not to use our services. By the terms &quot;You&quot; or &quot;user&quot; or &quot;buyer&quot; we mean the entity or individual using our services, while &quot;WE&quot; or &quot;our&quot; or &quot;<strong>Purity Cosmetics<\/strong>&quot; means <strong>Purity Cosmetics<\/strong> and &quot;party&quot; means YOU. AND <strong>Purity Cosmetics<\/strong>.<\/p><h4><span style=\"text-decoration: underline;\"><strong>Privacy<\/strong><\/span><\/h4><p>Please read <span style=\"color: #3366ff;\"><a style=\"color: #3366ff;\" href=\"https:\/\/purity.al\/en\/privacy-policy\/\" target=\"_blank\" rel=\"noopener\">Privacy Policy<\/a><\/span> published on our website at <span style=\"color: #3366ff;\"><a style=\"color: #3366ff;\" href=\"https:\/\/purity.al\/en\/\" target=\"_blank\" rel=\"noopener\">purity.al<\/a>.<\/span> The Privacy Policy is an integral and inseparable part of the Terms.<\/p><h4><span style=\"text-decoration: underline;\"><strong>Copyright<\/strong><\/span><\/h4><p>We are committed to protecting copyright and are committed to fully respecting these rights.<\/p><p>All content included, made available or posted through any of our services, such as, but not limited to: any text, graphics, logos, images, audio clips, digital downloads, aggregated data and\/ or software are the property of us, or our contractors, and are protected by <span style=\"color: #3366ff;\"><a style=\"color: #3366ff;\" href=\"https:\/\/qbz.gov.al\/eli\/fz\/2016\/64\/7f75f14d-4462-4a51-bf04-2e9b39e5316b;q=Ligj_nr._35_dt._31.3.2016\" target=\"_blank\" rel=\"noopener\">Law No. 35\/2016<\/a><\/span> for copyright in the Republic of Albania, the laws where it operates or exercises its activity <strong>Purity Cosmetics<\/strong> and international copyright law. If while using our services you notice that copyright has been infringed, please do not hesitate to contact us through the contact details published on our site.<\/p><h4><span style=\"text-decoration: underline;\"><strong>Trademarks<\/strong><\/span><\/h4><p>Our trademark is protected by <span style=\"color: #3366ff;\"><a style=\"color: #3366ff;\" href=\"https:\/\/qbz.gov.al\/eli\/ligj\/2008\/07\/07\/9947\/5863bab1-d9ef-465a-8f01-2b7fc45a5c0d;q=9947\" target=\"_blank\" rel=\"noopener\">Law No. 9947<\/a><\/span> for industrial ownership in the Republic of Albania. No natural or legal person may, in the course of their commercial activities, use any mark that is substantially identical or similar to our trademark. Unauthorized use of a trademark is considered a violation of proprietary rights over a registered trademark.<\/p><h4><span style=\"text-decoration: underline;\"><strong>Content of Others<\/strong><\/span><\/h4><p>Some of the content on our services comes from users, publishers and third parties. Although we try to review content from time to time, we do not do this for all sites, and as a result we cannot and do not take responsibility for any content that comes from others through our services.<\/p><h4><span style=\"text-decoration: underline;\"><strong>Electronic Communication<\/strong><\/span><\/h4><p>You agree to communicate with us electronically, through email, texts, notifications, messages or through other services. You may retain copies of these communications for your own purposes. You agree that all agreements, notices, disclosures and other communications we provide to you electronically are valid and complete and are equivalent to written communications.<\/p><h4><span style=\"text-decoration: underline;\"><strong>your account<\/strong><\/span><\/h4><p>If you open an account with us, you may use all of our services, but you are responsible for maintaining the confidentiality of your account and password and agree to accept responsibility for all activities that occur under your account and password. To purchase products through <span style=\"color: #3366ff;\"><a style=\"color: #3366ff;\" href=\"https:\/\/purity.al\/en\/\" target=\"_blank\" rel=\"noopener\">purity.al<\/a><\/span> you must be a registered user. If you do not have an account, please register. <span style=\"text-decoration: underline;\">Purchases made without an account lose warranty rights and the right to return or exchange the product.<\/span><\/p><h4><span style=\"text-decoration: underline;\"><strong>Modification of services<\/strong><\/span><\/h4><p>We reserve the right at any time and without prior notice to modify, correct, limit or discontinue temporarily or permanently any of the services or parts of these services, or part of the functions of these services, including any launched applications. In addition, we reserve the right to introduce or introduce new features or applications to improve our services.<\/p><h4><span style=\"text-decoration: underline;\"><strong>Product description<\/strong><\/span><\/h4><p>We strive to be as accurate as possible in the information we present, however, we cannot guarantee that product descriptions or other product content on our websites are accurate, complete, current or error-free. If a product purchased by you differs substantially from the product listed on the website <a href=\"https:\/\/purity.al\/en\/\" target=\"_blank\" rel=\"noopener\"><span style=\"color: #3366ff;\">purity.al<\/span><\/a>, you have the option to return the product.<\/p><h4><span style=\"text-decoration: underline;\"><strong>Buying a product<\/strong><\/span><\/h4><p>You can buy the products listed on our website by selecting the item you want to buy and sending it to the cart (by clicking the &quot;Add to Cart&quot; button). After you have finished selecting items, the order value and the number of items ordered are displayed. Then proceed with the purchase process by following the steps below. Once you have completed the process, you will receive an email confirming that your order has been successfully received.<\/p><p>We encourage you to ensure that your information is accurate, up-to-date and complete before placing any purchase order or transaction. We are not responsible for any loss that may be due to incorrect or incomplete information.<\/p><p>We advise you to ensure that you have sufficient funds in your bank account before processing your purchase transaction, have sufficient credit limit to process the transaction or have sufficient cash payments.<\/p><p>To avoid any damage from wrong order, we ask you to make sure that you are not placing a wrong order before completing the transaction. Errors in order processing are your responsibility and we cannot accept any liability.<\/p><p>All items purchased from us are delivered via a consignment contract. This means that the risk of loss or damage to the items will pass to you immediately upon delivery to us.<\/p><h4><span style=\"text-decoration: underline;\"><strong>Returns and Refunds<\/strong><\/span><\/h4><p>Items that do not substantially match the specifications, design, description of the product ordered, you have the right to return, replace or refund for them until we have notified you in advance. The item you return is considered accepted by us only when the item is delivered by you or by post to our address from which the order was sent.<\/p><h4><span style=\"text-decoration: underline;\"><strong>Declining or canceling a transaction<\/strong><\/span><\/h4><p><strong>Purity Cosmetics<\/strong> reserves the right at any time, at its sole discretion, to refuse or cancel an online transaction for any reason. Some situations that may result in an online transaction being declined or revoked include claims of credit or debit card fraud where there is reason to believe that the online transaction is unauthorized, violates any law, rule or regulation. <strong>Purity Cosmetics<\/strong> may at any time request verification or additional information for any online transaction.<\/p><h4><span style=\"text-decoration: underline;\"><strong>Taxes and Customs Duties<\/strong><\/span><\/h4><p>The price of the products listed on our website includes VAT, however, before placing the order, please read the order details carefully.<\/p><h4><span style=\"text-decoration: underline;\"><strong>For orders outside Albania and Kosovo<\/strong><\/span><\/h4><p>The price of the product does not include taxes or other customs duties or other fees imposed by law from the relevant country where you are placing the order, and you are obliged to pay all taxes and other fees that apply in addition to the purchase price of the product before your order is delivered. This applies to every country other than Albania and Kosovo.<\/p><h4><span style=\"text-decoration: underline;\"><strong>Customer care<\/strong><\/span><\/h4><p>Customer care is of particular importance to us. If you need help processing any transaction, tracking your order or anything else, you have the option to contact us directly.<\/p><h4><span style=\"text-decoration: underline;\"><strong>Supplement-Changes to Terms<\/strong><\/span><\/h4><p>We constantly improve existing services and offer new services. This means that we may add new functionality, products or services or discontinue them. We may take any action at any time and may not be able to give you advance notice.<\/p><p>We hope you will always use our services forever; however, you may terminate the relationship by deleting your account.<\/p><p>At the same time, we may terminate our contract at any time, for any reason, without prior notice. This means that we may place additional restrictions on your use of the services, or not provide our services. For example. We may disable your account due to non-use of the service for a long time.<\/p><h4><span style=\"text-decoration: underline;\"><strong>DISCLAIMER AND APPLICABLE LAW<\/strong><\/span><\/h4><p>Any dispute, dispute or claim arising out of or in connection with these Terms, including the breach, termination or invalidity of these Terms, shall be resolved by arbitration within the American Chamber of Commerce in Albania, in accordance with the applicable laws of the Republic of Albania. .<\/p><h4><span style=\"text-decoration: underline;\"><strong>Returns<\/strong><\/span><\/h4><p>Pursuant to <span style=\"color: #3366ff;\"><a style=\"color: #3366ff;\" href=\"https:\/\/ishmt.gov.al\/wp-content\/uploads\/2022\/02\/Ligji-9902-date-17.04.2008-i-ndryshuar-version-i-konsoliduar-2018.pdf\" target=\"_blank\" rel=\"noopener\">Article 37 of Law 9902<\/a><\/span>, dated 17.04.2008 &quot;For Consumer Protection&quot;, the Customer has the right to withdraw from the contract without penalty and without giving a reason, within a period of 14 calendar days from the date of delivery of the ordered products.<\/p><p>To be eligible for a return, your item must be unused and in the same condition that you received it. It must also be in the original packaging.<\/p><p>To complete your return, we require a receipt or proof of purchase.<\/p><h4><span style=\"text-decoration: underline;\"><strong>Refunds<\/strong><\/span><\/h4><p>Once your return is received, we will send you an email to let you know that we have received your returned item. If applicable, your refund will be processed and the credit automatically returned to your credit card or original method of payment within 3 business days.<\/p><h4><span style=\"text-decoration: underline;\"><strong>Late or missing refunds:<\/strong><\/span><\/h4><p>If you haven&#039;t received a refund yet, check your bank account first.<\/p><p>Then contact your credit card company or bank, as it may take some time before your refund is officially posted. If you still need help finding your refund, please email us at info@purity.al or message us at <span style=\"color: #00ff00;\">Whatsapp<\/span>, <span style=\"color: #0000ff;\">Facebook<\/span>, <span style=\"color: #00ffff;\">Messenger<\/span> OR <span style=\"color: #ff0000;\">Instagram<\/span>.<\/p><h4><span style=\"text-decoration: underline;\"><strong>Exchanges<\/strong><\/span><\/h4><p>We only replace items if they are faulty or damaged. If you need to exchange it for the same item, send us an email at info@purity.al<\/p><h4><span style=\"text-decoration: underline;\"><strong>Mail order returns<\/strong><\/span><\/h4><p>If you are eligible to return your product, email us at info@purity.al and we will email you return instructions.<\/p><p>You will be responsible for paying for your own shipping costs for returning your item. Shipping costs are non-refundable.<\/p><p>Depending on where you live, the time it may take for the exchanged product to reach you may vary.<\/p><p>If you are shipping an item over 60 Euros, you should consider using a trackable shipping service or purchasing shipping insurance. We cannot guarantee that we will receive your returned item.<\/p><h4><span style=\"text-decoration: underline;\"><strong>Payment methods<\/strong><\/span><\/h4><p><strong>Purity Cosmetics<\/strong> accepts the following payment methods:<\/p><ul><li>Cash on delivery (<strong>payment on delivery<\/strong>)<\/li><li>Credit\/Debit Card<\/li><\/ul><p>All transactions are processed through a secure server, guaranteeing maximum data protection for customers.<br \/>Purity Cosmetics Customer Service Operators are not authorized, in any way, to request or accept credit card numbers and\/or details.<\/p><ul><li>PayPal<\/li><\/ul><p>When paying through PayPal, customers can pay directly through their PayPal account or using the card payment system provided by PayPal.<\/p><p>For more information, please visit <span style=\"color: #3366ff;\"><a style=\"color: #3366ff;\" href=\"http:\/\/www.paypal.com\" target=\"_blank\" rel=\"noopener\">www.paypal.com<\/a><\/span>.<\/p><h4><span style=\"text-decoration: underline;\"><strong>Safety<\/strong><\/span><\/h4><p>All financial information such as credit card number, expiration date, etc., is managed directly by the bank which guarantees the security of online transactions.<\/p><h4><span style=\"text-decoration: underline;\"><strong>Shipping and charges<\/strong><\/span><\/h4><p>How will I know that my order has been confirmed and will be shipped?<\/p><p>You will receive an email confirmation of your order within minutes and a separate email with tracking information once your order has shipped. Please note that international orders will receive tracking information once payment has been confirmed.<\/p><p>Do you ship internationally?<\/p><p>Yes! We ship worldwide. Please continue shopping to see if we ship to your country.<\/p><p>Additional information on international shipping<\/p><p>Please note that items shipped outside Albania may be subject to import duties, taxes and\/or fees, which are not included in the total cost of the order, nor will they be covered or refunded by <strong>Purity Cosmetics<\/strong>.<\/p><p>We are not responsible for any shipping shipment that may be affected by customs, natural events, transfers from the post office to the local carrier in your country, or air and ground transportation shocks or delays.<\/p><p><a href=\"https:\/\/purity.al\/en\/shipping-returns\/\" target=\"_blank\" rel=\"noopener\"><span style=\"color: #ff0000;\">Click here<\/span><\/a> to check details about shipments.<\/p><h4><span style=\"text-decoration: underline;\"><strong>RULES AND LIMITATIONS ON SHIPMENTS<\/strong><\/span><\/h4><p>Orders are shipped on business days only. Working days are from Monday to Friday, excluding national holidays in Albania and Kosovo.<\/p><p>It is not possible to agree on the schedule and days for the delivery of the order.<br \/>All shipments must be signed for upon receipt.<br \/>Shipping costs for returned products will NOT be refunded.<br \/>A request to change the shipping address after the order has been placed will not be authorized if the order has been shipped.<\/p>\t\t\t\t\t\t\t\t<\/div>\n\t\t\t\t<\/div>\n\t\t\t\t\t<\/div>\n\t\t\t\t<\/div>\n\t\t\t\t<\/div>","protected":false},"excerpt":{"rendered":"<p>K\u00ebto jan\u00eb kushtet e p\u00ebrdorimit (t\u00eb referuara si &#8220;Kushtet&#8221;) q\u00eb p\u00ebrcaktojn\u00eb marr\u00ebdh\u00ebnien ton\u00eb me ju. Arsyeja e p\u00ebrdorimit t\u00eb tyre \u00ebsht\u00eb se ato formojn\u00eb nenet e kontrat\u00ebs ligjore mes jush dhe Purity Cosmetics, ndaj ju sugjerojm\u00eb t&#8217;i lexoni me kujdes. Duke p\u00ebrdorur sh\u00ebrbimet tona, ju pranoni dhe merrni p\u00ebrsip\u00ebr t\u00eb respektoni plot\u00ebsisht detyrimet tuaja sipas [&hellip;]<\/p>\n","protected":false},"author":1,"featured_media":0,"parent":0,"menu_order":0,"comment_status":"closed","ping_status":"closed","template":"","meta":{"footnotes":""},"class_list":["post-8833","page","type-page","status-publish","hentry"],"_links":{"self":[{"href":"https:\/\/purity.al\/en\/wp-json\/wp\/v2\/pages\/8833","targetHints":{"allow":["GET"]}}],"collection":[{"href":"https:\/\/purity.al\/en\/wp-json\/wp\/v2\/pages"}],"about":[{"href":"https:\/\/purity.al\/en\/wp-json\/wp\/v2\/types\/page"}],"author":[{"embeddable":true,"href":"https:\/\/purity.al\/en\/wp-json\/wp\/v2\/users\/1"}],"replies":[{"embeddable":true,"href":"https:\/\/purity.al\/en\/wp-json\/wp\/v2\/comments?post=8833"}],"version-history":[{"count":43,"href":"https:\/\/purity.al\/en\/wp-json\/wp\/v2\/pages\/8833\/revisions"}],"predecessor-version":[{"id":8983,"href":"https:\/\/purity.al\/en\/wp-json\/wp\/v2\/pages\/8833\/revisions\/8983"}],"wp:attachment":[{"href":"https:\/\/purity.al\/en\/wp-json\/wp\/v2\/media?parent=8833"}],"curies":[{"name":"wp","href":"https:\/\/api.w.org\/{rel}","templated":true}]}}