{"id":8791,"date":"2023-10-25T17:17:41","date_gmt":"2023-10-25T15:17:41","guid":{"rendered":"https:\/\/purity.al\/?page_id=8791"},"modified":"2023-10-26T12:13:05","modified_gmt":"2023-10-26T10:13:05","slug":"blog","status":"publish","type":"page","link":"https:\/\/purity.al\/en\/blog\/","title":{"rendered":"Blog"},"content":{"rendered":"<div data-elementor-type=\"wp-page\" data-elementor-id=\"8791\" class=\"elementor elementor-8791\" data-elementor-post-type=\"page\">\n\t\t\t\t<div class=\"elementor-element elementor-element-e57ec3e e-flex e-con-boxed e-con e-parent\" data-id=\"e57ec3e\" data-element_type=\"container\" data-e-type=\"container\">\n\t\t\t\t\t<div class=\"e-con-inner\">\n\t\t\t\t<div class=\"elementor-element elementor-element-4322a72 elementor-grid-3 elementor-grid-tablet-2 elementor-grid-mobile-1 elementor-posts--thumbnail-top elementor-card-shadow-yes elementor-posts__hover-gradient elementor-widget elementor-widget-posts\" data-id=\"4322a72\" data-element_type=\"widget\" data-e-type=\"widget\" data-settings=\"{&quot;pagination_type&quot;:&quot;load_more_infinite_scroll&quot;,&quot;cards_columns&quot;:&quot;3&quot;,&quot;cards_columns_tablet&quot;:&quot;2&quot;,&quot;cards_columns_mobile&quot;:&quot;1&quot;,&quot;cards_row_gap&quot;:{&quot;unit&quot;:&quot;px&quot;,&quot;size&quot;:35,&quot;sizes&quot;:[]},&quot;cards_row_gap_tablet&quot;:{&quot;unit&quot;:&quot;px&quot;,&quot;size&quot;:&quot;&quot;,&quot;sizes&quot;:[]},&quot;cards_row_gap_mobile&quot;:{&quot;unit&quot;:&quot;px&quot;,&quot;size&quot;:&quot;&quot;,&quot;sizes&quot;:[]},&quot;load_more_spinner&quot;:{&quot;value&quot;:&quot;fas fa-spinner&quot;,&quot;library&quot;:&quot;fa-solid&quot;}}\" data-widget_type=\"posts.cards\">\n\t\t\t\t<div class=\"elementor-widget-container\">\n\t\t\t\t\t\t\t<div class=\"elementor-posts-container elementor-posts elementor-posts--skin-cards elementor-grid\" role=\"list\">\n\t\t\t\t<article class=\"elementor-post elementor-grid-item post-12108 post type-post status-publish format-standard has-post-thumbnail hentry category-uncategorized category-problemet-e-flokeve category-purity-hair-growth category-renia-e-flokeve tag-kunder-renies tag-purity-shampoo tag-rritje-floku\" role=\"listitem\">\n\t\t\t<div class=\"elementor-post__card\">\n\t\t\t\t<a class=\"elementor-post__thumbnail__link\" href=\"https:\/\/purity.al\/en\/shampo-kunder-renies-vs-shampo-per-rritjen-e-flokeve-cila-ju-duhet-realisht\/\" tabindex=\"-1\"><div class=\"elementor-post__thumbnail\"><img fetchpriority=\"high\" decoding=\"async\" width=\"612\" height=\"408\" src=\"https:\/\/purity.al\/wp-content\/uploads\/2026\/04\/image-20.jpeg\" class=\"attachment-full size-full wp-image-12109\" alt=\"\" srcset=\"https:\/\/purity.al\/wp-content\/uploads\/2026\/04\/image-20.jpeg 612w, https:\/\/purity.al\/wp-content\/uploads\/2026\/04\/image-20-300x200.jpeg 300w, https:\/\/purity.al\/wp-content\/uploads\/2026\/04\/image-20-18x12.jpeg 18w, https:\/\/purity.al\/wp-content\/uploads\/2026\/04\/image-20-441x294.jpeg 441w, https:\/\/purity.al\/wp-content\/uploads\/2026\/04\/image-20-150x100.jpeg 150w\" sizes=\"(max-width: 360px) 147px, (max-width: 612px) 100vw, 612px\" \/><\/div><\/a>\n\t\t\t\t<div class=\"elementor-post__badge\">Uncategorized<\/div>\n\t\t\t\t<div class=\"elementor-post__text\">\n\t\t\t\t<h3 class=\"elementor-post__title\">\n\t\t\t<a href=\"https:\/\/purity.al\/en\/shampo-kunder-renies-vs-shampo-per-rritjen-e-flokeve-cila-ju-duhet-realisht\/\">\n\t\t\t\tShampo Kund\u00ebr R\u00ebnies Vs Shampo P\u00ebr Rritjen E Flok\u00ebve: Cila Ju Duhet Realisht?\t\t\t<\/a>\n\t\t<\/h3>\n\t\t\t\t<div class=\"elementor-post__excerpt\">\n\t\t\t<p>Shampo kund\u00ebr r\u00ebnies dhe shampo p\u00ebr rritje nuk jan\u00eb e nj\u00ebjta gj\u00eb, sepse secila synon<\/p>\n\t\t<\/div>\n\t\t\t\t\t<div class=\"elementor-post__read-more-wrapper\">\n\t\t\n\t\t<a class=\"elementor-post__read-more\" href=\"https:\/\/purity.al\/en\/shampo-kunder-renies-vs-shampo-per-rritjen-e-flokeve-cila-ju-duhet-realisht\/\" aria-label=\"Read more about Shampo Kund\u00ebr R\u00ebnies Vs Shampo P\u00ebr Rritjen E Flok\u00ebve: Cila Ju Duhet Realisht?\" tabindex=\"-1\">\n\t\t\tRead more &quot;\t\t<\/a>\n\n\t\t\t\t\t<\/div>\n\t\t\t\t<\/div>\n\t\t\t\t\t<\/div>\n\t\t<\/article>\n\t\t\t\t<article class=\"elementor-post elementor-grid-item post-12101 post type-post status-publish format-standard has-post-thumbnail hentry category-problemet-e-flokeve tag-balsam\" role=\"listitem\">\n\t\t\t<div class=\"elementor-post__card\">\n\t\t\t\t<a class=\"elementor-post__thumbnail__link\" href=\"https:\/\/purity.al\/en\/balsam-apo-maske-per-floket-cili-eshte-ndryshimi\/\" tabindex=\"-1\"><div class=\"elementor-post__thumbnail\"><img decoding=\"async\" width=\"612\" height=\"442\" src=\"https:\/\/purity.al\/wp-content\/uploads\/2026\/04\/image-18.jpeg\" class=\"attachment-full size-full wp-image-12104\" alt=\"\" srcset=\"https:\/\/purity.al\/wp-content\/uploads\/2026\/04\/image-18.jpeg 612w, https:\/\/purity.al\/wp-content\/uploads\/2026\/04\/image-18-300x217.jpeg 300w, https:\/\/purity.al\/wp-content\/uploads\/2026\/04\/image-18-18x12.jpeg 18w, https:\/\/purity.al\/wp-content\/uploads\/2026\/04\/image-18-441x319.jpeg 441w, https:\/\/purity.al\/wp-content\/uploads\/2026\/04\/image-18-150x108.jpeg 150w\" sizes=\"(max-width: 360px) 147px, (max-width: 612px) 100vw, 612px\" \/><\/div><\/a>\n\t\t\t\t<div class=\"elementor-post__badge\">Hair problems<\/div>\n\t\t\t\t<div class=\"elementor-post__text\">\n\t\t\t\t<h3 class=\"elementor-post__title\">\n\t\t\t<a href=\"https:\/\/purity.al\/en\/balsam-apo-maske-per-floket-cili-eshte-ndryshimi\/\">\n\t\t\t\tBalsam Apo Mask\u00eb P\u00ebr Flok\u00ebt: Cili \u00cbsht\u00eb Ndryshimi?\t\t\t<\/a>\n\t\t<\/h3>\n\t\t\t\t<div class=\"elementor-post__excerpt\">\n\t\t\t<p>Shum\u00eb njer\u00ebz blejn\u00eb dhe mask\u00eb dhe balsam pa ditur kur dhe si t&#8217;i p\u00ebrdorin. Shpesh<\/p>\n\t\t<\/div>\n\t\t\t\t\t<div class=\"elementor-post__read-more-wrapper\">\n\t\t\n\t\t<a class=\"elementor-post__read-more\" href=\"https:\/\/purity.al\/en\/balsam-apo-maske-per-floket-cili-eshte-ndryshimi\/\" aria-label=\"Read more about Balsam Apo Mask\u00eb P\u00ebr Flok\u00ebt: Cili \u00cbsht\u00eb Ndryshimi?\" tabindex=\"-1\">\n\t\t\tRead more &quot;\t\t<\/a>\n\n\t\t\t\t\t<\/div>\n\t\t\t\t<\/div>\n\t\t\t\t\t<\/div>\n\t\t<\/article>\n\t\t\t\t<article class=\"elementor-post elementor-grid-item post-12095 post type-post status-publish format-standard has-post-thumbnail hentry category-purity-hair-growth tag-purity-shampoo tag-rritje-floku tag-shampo\" role=\"listitem\">\n\t\t\t<div class=\"elementor-post__card\">\n\t\t\t\t<a class=\"elementor-post__thumbnail__link\" href=\"https:\/\/purity.al\/en\/floket-pas-shtatzenise-si-te-riktheni-forcen-dhe-dendesine\/\" tabindex=\"-1\"><div class=\"elementor-post__thumbnail\"><img decoding=\"async\" width=\"612\" height=\"408\" src=\"https:\/\/purity.al\/wp-content\/uploads\/2026\/04\/image-13.jpeg\" class=\"attachment-full size-full wp-image-12096\" alt=\"\" srcset=\"https:\/\/purity.al\/wp-content\/uploads\/2026\/04\/image-13.jpeg 612w, https:\/\/purity.al\/wp-content\/uploads\/2026\/04\/image-13-300x200.jpeg 300w, https:\/\/purity.al\/wp-content\/uploads\/2026\/04\/image-13-18x12.jpeg 18w, https:\/\/purity.al\/wp-content\/uploads\/2026\/04\/image-13-441x294.jpeg 441w, https:\/\/purity.al\/wp-content\/uploads\/2026\/04\/image-13-150x100.jpeg 150w\" sizes=\"(max-width: 360px) 147px, (max-width: 612px) 100vw, 612px\" \/><\/div><\/a>\n\t\t\t\t<div class=\"elementor-post__badge\">Purity Hair Growth<\/div>\n\t\t\t\t<div class=\"elementor-post__text\">\n\t\t\t\t<h3 class=\"elementor-post__title\">\n\t\t\t<a href=\"https:\/\/purity.al\/en\/floket-pas-shtatzenise-si-te-riktheni-forcen-dhe-dendesine\/\">\n\t\t\t\tFlok\u00ebt Pas Shtatz\u00ebnis\u00eb: Si T\u00eb Riktheni Forc\u00ebn Dhe Dend\u00ebsin\u00eb\t\t\t<\/a>\n\t\t<\/h3>\n\t\t\t\t<div class=\"elementor-post__excerpt\">\n\t\t\t<p>Pas lindjes, shum\u00eb gra v\u00ebn\u00eb re se flok\u00ebt fillojn\u00eb t\u00eb bien m\u00eb shum\u00eb se zakonisht.<\/p>\n\t\t<\/div>\n\t\t\t\t\t<div class=\"elementor-post__read-more-wrapper\">\n\t\t\n\t\t<a class=\"elementor-post__read-more\" href=\"https:\/\/purity.al\/en\/floket-pas-shtatzenise-si-te-riktheni-forcen-dhe-dendesine\/\" aria-label=\"Read more about Flok\u00ebt Pas Shtatz\u00ebnis\u00eb: Si T\u00eb Riktheni Forc\u00ebn Dhe Dend\u00ebsin\u00eb\" tabindex=\"-1\">\n\t\t\tRead more &quot;\t\t<\/a>\n\n\t\t\t\t\t<\/div>\n\t\t\t\t<\/div>\n\t\t\t\t\t<\/div>\n\t\t<\/article>\n\t\t\t\t<article class=\"elementor-post elementor-grid-item post-12087 post type-post status-publish format-standard has-post-thumbnail hentry category-purity-hair-growth tag-purity-shampoo tag-rritje-floku\" role=\"listitem\">\n\t\t\t<div class=\"elementor-post__card\">\n\t\t\t\t<a class=\"elementor-post__thumbnail__link\" href=\"https:\/\/purity.al\/en\/a-funksionojne-vertet-shampot-per-rritjen-e-flokeve\/\" tabindex=\"-1\"><div class=\"elementor-post__thumbnail\"><img loading=\"lazy\" decoding=\"async\" width=\"612\" height=\"408\" src=\"https:\/\/purity.al\/wp-content\/uploads\/2026\/04\/image-11.jpeg\" class=\"attachment-full size-full wp-image-12088\" alt=\"\" srcset=\"https:\/\/purity.al\/wp-content\/uploads\/2026\/04\/image-11.jpeg 612w, https:\/\/purity.al\/wp-content\/uploads\/2026\/04\/image-11-300x200.jpeg 300w, https:\/\/purity.al\/wp-content\/uploads\/2026\/04\/image-11-18x12.jpeg 18w, https:\/\/purity.al\/wp-content\/uploads\/2026\/04\/image-11-441x294.jpeg 441w, https:\/\/purity.al\/wp-content\/uploads\/2026\/04\/image-11-150x100.jpeg 150w\" sizes=\"(max-width: 360px) 147px, (max-width: 612px) 100vw, 612px\" \/><\/div><\/a>\n\t\t\t\t<div class=\"elementor-post__badge\">Purity Hair Growth<\/div>\n\t\t\t\t<div class=\"elementor-post__text\">\n\t\t\t\t<h3 class=\"elementor-post__title\">\n\t\t\t<a href=\"https:\/\/purity.al\/en\/a-funksionojne-vertet-shampot-per-rritjen-e-flokeve\/\">\n\t\t\t\tA Funksionojn\u00eb V\u00ebrtet Shampot P\u00ebr Rritjen E Flok\u00ebve?\t\t\t<\/a>\n\t\t<\/h3>\n\t\t\t\t<div class=\"elementor-post__excerpt\">\n\t\t\t<p>Shampot p\u00ebr rritjen e flok\u00ebve jan\u00eb nd\u00ebr produktet m\u00eb t\u00eb k\u00ebrkuara n\u00eb tregun e kozmetik\u00ebs,<\/p>\n\t\t<\/div>\n\t\t\t\t\t<div class=\"elementor-post__read-more-wrapper\">\n\t\t\n\t\t<a class=\"elementor-post__read-more\" href=\"https:\/\/purity.al\/en\/a-funksionojne-vertet-shampot-per-rritjen-e-flokeve\/\" aria-label=\"Read more about A Funksionojn\u00eb V\u00ebrtet Shampot P\u00ebr Rritjen E Flok\u00ebve?\" tabindex=\"-1\">\n\t\t\tRead more &quot;\t\t<\/a>\n\n\t\t\t\t\t<\/div>\n\t\t\t\t<\/div>\n\t\t\t\t\t<\/div>\n\t\t<\/article>\n\t\t\t\t<article class=\"elementor-post elementor-grid-item post-12032 post type-post status-publish format-standard has-post-thumbnail hentry category-rutina-kujdesi category-problemet-e-flokeve tag-balsam-me-keratine-dhe-kolagjen\" role=\"listitem\">\n\t\t\t<div class=\"elementor-post__card\">\n\t\t\t\t<a class=\"elementor-post__thumbnail__link\" href=\"https:\/\/purity.al\/en\/balsam-me-keratine-dhe-kolagjen-si-rigjeneron-fijet-e-demtuara\/\" tabindex=\"-1\"><div class=\"elementor-post__thumbnail\"><img loading=\"lazy\" decoding=\"async\" width=\"612\" height=\"408\" src=\"https:\/\/purity.al\/wp-content\/uploads\/2026\/04\/image-8.jpeg\" class=\"attachment-full size-full wp-image-12033\" alt=\"\" srcset=\"https:\/\/purity.al\/wp-content\/uploads\/2026\/04\/image-8.jpeg 612w, https:\/\/purity.al\/wp-content\/uploads\/2026\/04\/image-8-300x200.jpeg 300w, https:\/\/purity.al\/wp-content\/uploads\/2026\/04\/image-8-18x12.jpeg 18w, https:\/\/purity.al\/wp-content\/uploads\/2026\/04\/image-8-441x294.jpeg 441w, https:\/\/purity.al\/wp-content\/uploads\/2026\/04\/image-8-150x100.jpeg 150w\" sizes=\"(max-width: 360px) 147px, (max-width: 612px) 100vw, 612px\" \/><\/div><\/a>\n\t\t\t\t<div class=\"elementor-post__badge\">Routine Care<\/div>\n\t\t\t\t<div class=\"elementor-post__text\">\n\t\t\t\t<h3 class=\"elementor-post__title\">\n\t\t\t<a href=\"https:\/\/purity.al\/en\/balsam-me-keratine-dhe-kolagjen-si-rigjeneron-fijet-e-demtuara\/\">\n\t\t\t\tBalsam me Keratin\u00eb dhe Kolagjen: Si Rigjeneron Fijet e D\u00ebmtuara\t\t\t<\/a>\n\t\t<\/h3>\n\t\t\t\t<div class=\"elementor-post__excerpt\">\n\t\t\t<p>Flok\u00ebt e d\u00ebmtuar shpesh humbasin forc\u00ebn, shk\u00eblqimin dhe elasticitetin e tyre p\u00ebr shkak t\u00eb faktor\u00ebve<\/p>\n\t\t<\/div>\n\t\t\t\t\t<div class=\"elementor-post__read-more-wrapper\">\n\t\t\n\t\t<a class=\"elementor-post__read-more\" href=\"https:\/\/purity.al\/en\/balsam-me-keratine-dhe-kolagjen-si-rigjeneron-fijet-e-demtuara\/\" aria-label=\"Read more about Balsam me Keratin\u00eb dhe Kolagjen: Si Rigjeneron Fijet e D\u00ebmtuara\" tabindex=\"-1\">\n\t\t\tRead more &quot;\t\t<\/a>\n\n\t\t\t\t\t<\/div>\n\t\t\t\t<\/div>\n\t\t\t\t\t<\/div>\n\t\t<\/article>\n\t\t\t\t<article class=\"elementor-post elementor-grid-item post-12025 post type-post status-publish format-standard has-post-thumbnail hentry category-purity-kunder-yndyres tag-floke-me-yndyre\" role=\"listitem\">\n\t\t\t<div class=\"elementor-post__card\">\n\t\t\t\t<a class=\"elementor-post__thumbnail__link\" href=\"https:\/\/purity.al\/en\/si-te-mbani-floket-e-paster-dhe-pa-yndyre-me-shampon-e-purity\/\" tabindex=\"-1\"><div class=\"elementor-post__thumbnail\"><img loading=\"lazy\" decoding=\"async\" width=\"612\" height=\"408\" src=\"https:\/\/purity.al\/wp-content\/uploads\/2026\/04\/istockphoto-2208475911-612x612-1.jpg\" class=\"attachment-full size-full wp-image-12031\" alt=\"\" srcset=\"https:\/\/purity.al\/wp-content\/uploads\/2026\/04\/istockphoto-2208475911-612x612-1.jpg 612w, https:\/\/purity.al\/wp-content\/uploads\/2026\/04\/istockphoto-2208475911-612x612-1-300x200.jpg 300w, https:\/\/purity.al\/wp-content\/uploads\/2026\/04\/istockphoto-2208475911-612x612-1-18x12.jpg 18w, https:\/\/purity.al\/wp-content\/uploads\/2026\/04\/istockphoto-2208475911-612x612-1-441x294.jpg 441w, https:\/\/purity.al\/wp-content\/uploads\/2026\/04\/istockphoto-2208475911-612x612-1-150x100.jpg 150w\" sizes=\"(max-width: 360px) 147px, (max-width: 612px) 100vw, 612px\" \/><\/div><\/a>\n\t\t\t\t<div class=\"elementor-post__badge\">Purity versus Fat<\/div>\n\t\t\t\t<div class=\"elementor-post__text\">\n\t\t\t\t<h3 class=\"elementor-post__title\">\n\t\t\t<a href=\"https:\/\/purity.al\/en\/si-te-mbani-floket-e-paster-dhe-pa-yndyre-me-shampon-e-purity\/\">\n\t\t\t\tSi T\u00eb Mbani Flok\u00ebt E Past\u00ebr Dhe Pa Yndyr\u00eb Me Shampon E Purity\t\t\t<\/a>\n\t\t<\/h3>\n\t\t\t\t<div class=\"elementor-post__excerpt\">\n\t\t\t<p>Si t\u00eb mbani flok\u00ebt e past\u00ebr dhe pa yndyr\u00eb \u00ebsht\u00eb nj\u00eb nga pyetjet m\u00eb t\u00eb<\/p>\n\t\t<\/div>\n\t\t\t\t\t<div class=\"elementor-post__read-more-wrapper\">\n\t\t\n\t\t<a class=\"elementor-post__read-more\" href=\"https:\/\/purity.al\/en\/si-te-mbani-floket-e-paster-dhe-pa-yndyre-me-shampon-e-purity\/\" aria-label=\"Read more about Si T\u00eb Mbani Flok\u00ebt E Past\u00ebr Dhe Pa Yndyr\u00eb Me Shampon E Purity\" tabindex=\"-1\">\n\t\t\tRead more &quot;\t\t<\/a>\n\n\t\t\t\t\t<\/div>\n\t\t\t\t<\/div>\n\t\t\t\t\t<\/div>\n\t\t<\/article>\n\t\t\t\t<\/div>\n\t\t\t\t\t<span class=\"e-load-more-spinner\">\n\t\t\t\t<svg aria-hidden=\"true\" class=\"e-font-icon-svg e-fas-spinner\" viewbox=\"0 0 512 512\" xmlns=\"http:\/\/www.w3.org\/2000\/svg\"><path d=\"M304 48c0 26.51-21.49 48-48 48s-48-21.49-48-48 21.49-48 48-48 48 21.49 48 48zm-48 368c-26.51 0-48 21.49-48 48s21.49 48 48 48 48-21.49 48-48-21.49-48-48-48zm208-208c-26.51 0-48 21.49-48 48s21.49 48 48 48 48-21.49 48-48-21.49-48-48-48zM96 256c0-26.51-21.49-48-48-48S0 229.49 0 256s21.49 48 48 48 48-21.49 48-48zm12.922 99.078c-26.51 0-48 21.49-48 48s21.49 48 48 48 48-21.49 48-48c0-26.509-21.491-48-48-48zm294.156 0c-26.51 0-48 21.49-48 48s21.49 48 48 48 48-21.49 48-48c0-26.509-21.49-48-48-48zM108.922 60.922c-26.51 0-48 21.49-48 48s21.49 48 48 48 48-21.49 48-48-21.491-48-48-48z\"><\/path><\/svg>\t\t\t<\/span>\n\t\t\n\t\t\t\t<div class=\"e-load-more-anchor\" data-page=\"1\" data-max-page=\"21\" data-next-page=\"https:\/\/purity.al\/en\/wp-json\/wp\/v2\/pages\/8791\/page\/2\/\"><\/div>\n\t\t\t\t<div class=\"e-load-more-message\"><\/div>\n\t\t\t\t\t\t<\/div>\n\t\t\t\t<\/div>\n\t\t\t\t\t<\/div>\n\t\t\t\t<\/div>\n\t\t\t\t<\/div>","protected":false},"excerpt":{"rendered":"","protected":false},"author":1,"featured_media":0,"parent":0,"menu_order":0,"comment_status":"closed","ping_status":"closed","template":"elementor_header_footer","meta":{"footnotes":""},"class_list":["post-8791","page","type-page","status-publish","hentry"],"_links":{"self":[{"href":"https:\/\/purity.al\/en\/wp-json\/wp\/v2\/pages\/8791","targetHints":{"allow":["GET"]}}],"collection":[{"href":"https:\/\/purity.al\/en\/wp-json\/wp\/v2\/pages"}],"about":[{"href":"https:\/\/purity.al\/en\/wp-json\/wp\/v2\/types\/page"}],"author":[{"embeddable":true,"href":"https:\/\/purity.al\/en\/wp-json\/wp\/v2\/users\/1"}],"replies":[{"embeddable":true,"href":"https:\/\/purity.al\/en\/wp-json\/wp\/v2\/comments?post=8791"}],"version-history":[{"count":22,"href":"https:\/\/purity.al\/en\/wp-json\/wp\/v2\/pages\/8791\/revisions"}],"predecessor-version":[{"id":8861,"href":"https:\/\/purity.al\/en\/wp-json\/wp\/v2\/pages\/8791\/revisions\/8861"}],"wp:attachment":[{"href":"https:\/\/purity.al\/en\/wp-json\/wp\/v2\/media?parent=8791"}],"curies":[{"name":"wp","href":"https:\/\/api.w.org\/{rel}","templated":true}]}}